{"id":47,"date":"2025-05-15T19:02:09","date_gmt":"2025-05-15T19:02:09","guid":{"rendered":"https:\/\/manualdodiaadia.com.br\/pagina-inicial\/"},"modified":"2025-05-26T17:53:56","modified_gmt":"2025-05-26T17:53:56","slug":"pagina-inicial","status":"publish","type":"page","link":"https:\/\/www.manualdodiaadia.com.br\/blog\/pagina-inicial\/","title":{"rendered":"P\u00e1gina Inicial"},"content":{"rendered":"<p>[vc_section full_width=&#8221;stretch_row_content&#8221; content_placement=&#8221;middle&#8221;][vc_row full_width=&#8221;stretch_row_content_no_spaces&#8221; content_placement=&#8221;middle&#8221;][vc_column width=&#8221;1\/2&#8243;][\/vc_column][vc_column width=&#8221;1\/2&#8243;][vc_column_text css=&#8221;&#8221;]<\/p>\n<div class=\"styles_stack__B_gul styles_hStack__j4EVb\" style=\"text-align: center;\" data-testid=\"\"><img loading=\"lazy\" decoding=\"async\" class=\"alignnone wp-image-277\" src=\"https:\/\/www.manualdodiaadia.com.br\/wp-content\/uploads\/2025\/05\/4298086-300x300.png\" alt=\"\" width=\"32\" height=\"32\" title=\"\" srcset=\"https:\/\/www.manualdodiaadia.com.br\/blog\/wp-content\/uploads\/2025\/05\/4298086-300x300.png 300w, https:\/\/www.manualdodiaadia.com.br\/blog\/wp-content\/uploads\/2025\/05\/4298086-150x150.png 150w, https:\/\/www.manualdodiaadia.com.br\/blog\/wp-content\/uploads\/2025\/05\/4298086-100x100.png 100w, https:\/\/www.manualdodiaadia.com.br\/blog\/wp-content\/uploads\/2025\/05\/4298086-64x64.png 64w, https:\/\/www.manualdodiaadia.com.br\/blog\/wp-content\/uploads\/2025\/05\/4298086.png 512w\" sizes=\"auto, (max-width: 32px) 100vw, 32px\" \/> <span style=\"font-size: 14pt;\"><strong>Ebooks<\/strong><\/span> <span style=\"color: #008080;\"><strong>|<\/strong><\/span> <span style=\"font-size: 16px;\"><span style=\"font-size: 16px;\"><span style=\"color: #008080;\"><strong><img loading=\"lazy\" decoding=\"async\" class=\"alignnone wp-image-279\" src=\"https:\/\/www.manualdodiaadia.com.br\/wp-content\/uploads\/2025\/05\/blogger-300x300.png\" alt=\"\" width=\"42\" height=\"42\" title=\"\" srcset=\"https:\/\/www.manualdodiaadia.com.br\/blog\/wp-content\/uploads\/2025\/05\/blogger-300x300.png 300w, https:\/\/www.manualdodiaadia.com.br\/blog\/wp-content\/uploads\/2025\/05\/blogger-150x150.png 150w, https:\/\/www.manualdodiaadia.com.br\/blog\/wp-content\/uploads\/2025\/05\/blogger-100x100.png 100w, https:\/\/www.manualdodiaadia.com.br\/blog\/wp-content\/uploads\/2025\/05\/blogger-64x64.png 64w, https:\/\/www.manualdodiaadia.com.br\/blog\/wp-content\/uploads\/2025\/05\/blogger.png 512w\" sizes=\"auto, (max-width: 42px) 100vw, 42px\" \/><\/strong><\/span><\/span><\/span><span style=\"font-size: 14pt;\"><strong>Blog Dia a Dia<\/strong><\/span><\/div>\n<p>[\/vc_column_text][\/vc_column][\/vc_row][\/vc_section][vc_row full_width=&#8221;stretch_row_content_no_spaces&#8221;][vc_column][vc_gallery interval=&#8221;3&#8243; images=&#8221;273&#8243; img_size=&#8221;1536&#215;300&#8243; onclick=&#8221;&#8221; css=&#8221;&#8221;][\/vc_column][\/vc_row][vc_row][vc_column width=&#8221;1\/2&#8243;][vc_column_text css=&#8221;&#8221;]<\/p>\n<h1 class=\"wp-block-heading\">Encontre Solu\u00e7\u00f5es Pr\u00e1ticas para o Dia a Dia<\/h1>\n<p><span style=\"font-size: 14pt;\">Descubra como nossos eBooks podem simplificar sua rotina e ajudar voc\u00ea a alcan\u00e7ar seus objetivos di\u00e1rios com dicas \u00fateis e pr\u00e1ticas.<\/span><\/p>\n<p>&nbsp;<\/p>\n<p>[\/vc_column_text][vc_column_text css=&#8221;&#8221;]<\/p>\n<div class=\"styles_stack__B_gul styles_hStack__j4EVb\" data-testid=\"\">\n<p><span style=\"font-size: 14pt;\"><strong>Escolha seu livro <\/strong>&#8212; Navegue pelos t\u00edtulos e selecione o <strong>ebook<\/strong> que voc\u00ea deseja<br \/>\n<\/span><span style=\"font-size: 14pt;\"><strong>Fa\u00e7a a compra <\/strong>&#8212; Finalize a compra aqui na loja com o mesmo e-mail cadastrado<\/span><span style=\"font-size: 14pt;\"><br \/>\n<strong>Leia no app preferido <\/strong>&#8212; Fa\u00e7a login no com o mesmo e-mail da compra e encontre seu livro na estante<\/span><\/p>\n<\/div>\n<p>[\/vc_column_text][\/vc_column][vc_column width=&#8221;1\/2&#8243;][vc_single_image image=&#8221;295&#8243; img_size=&#8221;512&#215;512&#8243; css=&#8221;&#8221;][\/vc_column][\/vc_row][vc_row][vc_column][vc_column_text css=&#8221;&#8221;]<\/p>\n<div class=\"ins-editable ins-element-editable\" data-bind-menu=\"notification|text_editing\"><span style=\"font-size: 18pt;\"><strong>Mais vendidos<\/strong><\/span><\/div>\n<p>[\/vc_column_text][\/vc_column][\/vc_row][vc_row][vc_column][best_selling_products per_page=&#8221;12&#8243; columns=&#8221;4&#8243;][\/vc_column][\/vc_row][vc_row][vc_column width=&#8221;1\/2&#8243;][vc_single_image image=&#8221;291&#8243; img_size=&#8221;1536&#215;1024&#8243; css=&#8221;&#8221;][\/vc_column][vc_column width=&#8221;1\/2&#8243;][vc_column_text css=&#8221;&#8221;]<\/p>\n<h2 class=\"wp-block-heading has-large-font-size\">Solu\u00e7\u00f5es DIY para o Dia a Dia<\/h2>\n<p><span style=\"font-size: 14pt;\">Explore nossa loja com eBooks pr\u00e1ticos e ofertas exclusivas para facilitar sua rotina.<\/span><\/p>\n<p>[\/vc_column_text][\/vc_column][\/vc_row]<\/p>\n","protected":false},"excerpt":{"rendered":"<p>[vc_section full_width=&#8221;stretch_row_content&#8221; content_placement=&#8221;middle&#8221;][vc_row full_width=&#8221;stretch_row_content_no_spaces&#8221; content_placement=&#8221;middle&#8221;][vc_column width=&#8221;1\/2&#8243;][\/vc_column][vc_column width=&#8221;1\/2&#8243;][vc_column_text css=&#8221;&#8221;] Ebooks | Blog Dia a Dia [\/vc_column_text][\/vc_column][\/vc_row][\/vc_section][vc_row full_width=&#8221;stretch_row_content_no_spaces&#8221;][vc_column][vc_gallery interval=&#8221;3&#8243; images=&#8221;273&#8243; img_size=&#8221;1536&#215;300&#8243; onclick=&#8221;&#8221; css=&#8221;&#8221;][\/vc_column][\/vc_row][vc_row][vc_column width=&#8221;1\/2&#8243;][vc_column_text css=&#8221;&#8221;] Encontre Solu\u00e7\u00f5es Pr\u00e1ticas para o Dia a Dia Descubra como nossos eBooks podem simplificar sua rotina e ajudar voc\u00ea a alcan\u00e7ar seus objetivos di\u00e1rios com dicas \u00fateis e pr\u00e1ticas. &nbsp; [\/vc_column_text][vc_column_text css=&#8221;&#8221;] Escolha seu livro &#8212; Navegue pelos t\u00edtulos e selecione o ebook que voc\u00ea deseja Fa\u00e7a a compra &#8212; Finalize a compra aqui na loja com [&hellip;]<\/p>\n","protected":false},"author":2,"featured_media":0,"parent":0,"menu_order":0,"comment_status":"closed","ping_status":"open","template":"","meta":{"site-sidebar-layout":"no-sidebar","site-content-layout":"plain-container","ast-site-content-layout":"default","site-content-style":"default","site-sidebar-style":"default","ast-global-header-display":"","ast-banner-title-visibility":"","ast-main-header-display":"","ast-hfb-above-header-display":"","ast-hfb-below-header-display":"","ast-hfb-mobile-header-display":"","site-post-title":"disabled","ast-breadcrumbs-content":"","ast-featured-img":"disabled","footer-sml-layout":"","ast-disable-related-posts":"","theme-transparent-header-meta":"default","adv-header-id-meta":"","stick-header-meta":"default","header-above-stick-meta":"","header-main-stick-meta":"","header-below-stick-meta":"","astra-migrate-meta-layouts":"set","ast-page-background-enabled":"default","ast-page-background-meta":{"desktop":{"background-color":"var(--ast-global-color-5)","background-image":"","background-repeat":"repeat","background-position":"center center","background-size":"auto","background-attachment":"scroll","background-type":"","background-media":"","overlay-type":"","overlay-color":"","overlay-opacity":"","overlay-gradient":""},"tablet":{"background-color":"","background-image":"","background-repeat":"repeat","background-position":"center center","background-size":"auto","background-attachment":"scroll","background-type":"","background-media":"","overlay-type":"","overlay-color":"","overlay-opacity":"","overlay-gradient":""},"mobile":{"background-color":"","background-image":"","background-repeat":"repeat","background-position":"center center","background-size":"auto","background-attachment":"scroll","background-type":"","background-media":"","overlay-type":"","overlay-color":"","overlay-opacity":"","overlay-gradient":""}},"ast-content-background-meta":{"desktop":{"background-color":"var(--ast-global-color-4)","background-image":"","background-repeat":"repeat","background-position":"center center","background-size":"auto","background-attachment":"scroll","background-type":"","background-media":"","overlay-type":"","overlay-color":"","overlay-opacity":"","overlay-gradient":""},"tablet":{"background-color":"var(--ast-global-color-4)","background-image":"","background-repeat":"repeat","background-position":"center center","background-size":"auto","background-attachment":"scroll","background-type":"","background-media":"","overlay-type":"","overlay-color":"","overlay-opacity":"","overlay-gradient":""},"mobile":{"background-color":"var(--ast-global-color-4)","background-image":"","background-repeat":"repeat","background-position":"center center","background-size":"auto","background-attachment":"scroll","background-type":"","background-media":"","overlay-type":"","overlay-color":"","overlay-opacity":"","overlay-gradient":""}},"footnotes":""},"class_list":["post-47","page","type-page","status-publish","hentry"],"_links":{"self":[{"href":"https:\/\/www.manualdodiaadia.com.br\/blog\/wp-json\/wp\/v2\/pages\/47","targetHints":{"allow":["GET"]}}],"collection":[{"href":"https:\/\/www.manualdodiaadia.com.br\/blog\/wp-json\/wp\/v2\/pages"}],"about":[{"href":"https:\/\/www.manualdodiaadia.com.br\/blog\/wp-json\/wp\/v2\/types\/page"}],"author":[{"embeddable":true,"href":"https:\/\/www.manualdodiaadia.com.br\/blog\/wp-json\/wp\/v2\/users\/2"}],"replies":[{"embeddable":true,"href":"https:\/\/www.manualdodiaadia.com.br\/blog\/wp-json\/wp\/v2\/comments?post=47"}],"version-history":[{"count":0,"href":"https:\/\/www.manualdodiaadia.com.br\/blog\/wp-json\/wp\/v2\/pages\/47\/revisions"}],"wp:attachment":[{"href":"https:\/\/www.manualdodiaadia.com.br\/blog\/wp-json\/wp\/v2\/media?parent=47"}],"curies":[{"name":"wp","href":"https:\/\/api.w.org\/{rel}","templated":true}]}}