{"id":46,"date":"2025-05-15T19:02:09","date_gmt":"2025-05-15T19:02:09","guid":{"rendered":"https:\/\/manualdodiaadia.com.br\/depoimentos\/"},"modified":"2025-05-26T17:51:24","modified_gmt":"2025-05-26T17:51:24","slug":"depoimentos","status":"publish","type":"page","link":"https:\/\/www.manualdodiaadia.com.br\/blog\/depoimentos\/","title":{"rendered":"Depoimentos"},"content":{"rendered":"\r\n<div class=\"wp-block-group alignfull has-foreground-background-color has-background is-layout-constrained wp-block-group-is-layout-constrained\" style=\"margin-top: 0; margin-bottom: 0; padding-top: 0; padding-bottom: 0;\">\r\n<div class=\"wp-block-group alignwide is-layout-constrained wp-block-group-is-layout-constrained\" style=\"padding-top: var(--wp--preset--spacing--30); padding-bottom: var(--wp--preset--spacing--30);\">\r\n<h1 class=\"wp-block-heading alignwide has-text-align-center has-background-color has-text-color\" style=\"font-size: 1.25rem;\">Depoimentos<\/h1>\r\n<\/div>\r\n<\/div>\r\n\r\n\r\n\r\n<div id=\"depoimentos\" class=\"inherit-container-width wp-block-group alignfull has-tertiary-background-color has-background is-layout-constrained wp-container-core-group-is-layout-7276a2bb wp-block-group-is-layout-constrained\" style=\"margin-top: 0; margin-bottom: 0; padding: var(--wp--preset--spacing--60) var(--wp--preset--spacing--30) var(--wp--preset--spacing--60) var(--wp--preset--spacing--30);\">\r\n<div class=\"wp-block-group alignwide is-content-justification-center is-layout-constrained wp-block-group-is-layout-constrained\">\r\n<h3 class=\"wp-block-heading has-text-align-center\" style=\"margin-top: 12px;\">eBooks Pr\u00e1ticos Para Facilitar Seu Dia<\/h3>\r\n\r\n\r\n\r\n<p class=\"has-text-align-center\" style=\"margin-top: 16px;\">Aqui voc\u00ea confere depoimentos de quem transformou seu dia a dia com nossos eBooks.<\/p>\r\n<\/div>\r\n\r\n\r\n\r\n<div class=\"wp-block-columns alignwide is-layout-flex wp-container-core-columns-is-layout-28f84493 wp-block-columns-is-layout-flex\">\r\n<div class=\"wp-block-column is-layout-flow wp-container-core-column-is-layout-8a368f38 wp-block-column-is-layout-flow\">\r\n<div class=\"wp-block-group has-background-background-color has-background is-layout-constrained wp-container-core-group-is-layout-f4cdaae3 wp-block-group-is-layout-constrained\" style=\"border-radius: 20rem; padding: var(--wp--preset--spacing--70) var(--wp--preset--spacing--40) var(--wp--preset--spacing--70) var(--wp--preset--spacing--40);\">\r\n<div class=\"wp-block-group is-vertical is-content-justification-center is-layout-flex wp-container-core-group-is-layout-a45d2cb9 wp-block-group-is-layout-flex\">\r\n<figure class=\"wp-block-image aligncenter is-style-rounded extendify-image-import\"><img decoding=\"async\" style=\"aspect-ratio: 1; object-fit: cover;\" src=\"https:\/\/images.unsplash.com\/photo-1552374196-c4e7ffc6e126?fit=crop&amp;crop=entropy%2Cfaces&amp;auto=format%2Ccompress&amp;w=96\" alt=\"\" title=\"\"><\/figure>\r\n\r\n\r\n\r\n<div class=\"wp-block-group is-layout-constrained wp-block-group-is-layout-constrained\">\r\n<h4 class=\"wp-block-heading has-text-align-center has-medium-font-size\">Mariana Silva<\/h4>\r\n\r\n\r\n\r\n<p class=\"has-text-align-center has-small-font-size\" style=\"margin-top: 2px;\">Empreendedora<\/p>\r\n<\/div>\r\n<\/div>\r\n\r\n\r\n\r\n<p class=\"has-text-align-center has-small-font-size\">Os eBooks s\u00e3o incr\u00edveis! Me ajudaram a organizar minha rotina e economizar tempo.<\/p>\r\n<\/div>\r\n<\/div>\r\n\r\n\r\n\r\n<div class=\"wp-block-column is-layout-flow wp-block-column-is-layout-flow\">\r\n<div class=\"wp-block-group has-background-background-color has-background is-layout-constrained wp-container-core-group-is-layout-f4cdaae3 wp-block-group-is-layout-constrained\" style=\"border-radius: 20rem; padding: var(--wp--preset--spacing--70) var(--wp--preset--spacing--40) var(--wp--preset--spacing--70) var(--wp--preset--spacing--40);\">\r\n<div class=\"wp-block-group is-vertical is-content-justification-center is-layout-flex wp-container-core-group-is-layout-a45d2cb9 wp-block-group-is-layout-flex\">\r\n<figure class=\"wp-block-image aligncenter is-style-rounded extendify-image-import\"><img decoding=\"async\" style=\"aspect-ratio: 1; object-fit: cover;\" src=\"https:\/\/images.unsplash.com\/photo-1593757147298-e064ed1419e5?fit=crop&amp;crop=entropy%2Cfaces&amp;auto=format%2Ccompress&amp;w=96\" alt=\"\" title=\"\"><\/figure>\r\n\r\n\r\n\r\n<div class=\"wp-block-group is-layout-constrained wp-block-group-is-layout-constrained\">\r\n<h4 class=\"wp-block-heading has-text-align-center has-medium-font-size\">Rafael Costa<\/h4>\r\n\r\n\r\n\r\n<p class=\"has-text-align-center has-small-font-size\" style=\"margin-top: 2px;\">Designer<\/p>\r\n<\/div>\r\n<\/div>\r\n\r\n\r\n\r\n<p class=\"has-text-align-center has-small-font-size\">Gra\u00e7as \u00e0s dicas pr\u00e1ticas, consegui otimizar meu trabalho e melhorar minha produtividade.<\/p>\r\n<\/div>\r\n<\/div>\r\n\r\n\r\n\r\n<div class=\"wp-block-column is-layout-flow wp-block-column-is-layout-flow\">\r\n<div class=\"wp-block-group has-background-background-color has-background is-layout-constrained wp-container-core-group-is-layout-f4cdaae3 wp-block-group-is-layout-constrained\" style=\"border-radius: 20rem; padding: var(--wp--preset--spacing--70) var(--wp--preset--spacing--40) var(--wp--preset--spacing--70) var(--wp--preset--spacing--40);\">\r\n<div class=\"wp-block-group is-vertical is-content-justification-center is-layout-flex wp-container-core-group-is-layout-a45d2cb9 wp-block-group-is-layout-flex\">\r\n<figure class=\"wp-block-image aligncenter is-style-rounded extendify-image-import\"><img decoding=\"async\" style=\"aspect-ratio: 1; object-fit: cover;\" src=\"https:\/\/images.unsplash.com\/photo-1614204424926-196a80bf0be8?fit=crop&amp;crop=entropy%2Cfaces&amp;auto=format%2Ccompress&amp;w=96\" alt=\"\" title=\"\"><\/figure>\r\n\r\n\r\n\r\n<div class=\"wp-block-group is-layout-constrained wp-block-group-is-layout-constrained\">\r\n<h4 class=\"wp-block-heading has-text-align-center has-medium-font-size\">Ana Oliveira<\/h4>\r\n\r\n\r\n\r\n<p class=\"has-text-align-center has-small-font-size\" style=\"margin-top: 2px;\">Estudante<\/p>\r\n<\/div>\r\n<\/div>\r\n\r\n\r\n\r\n<p class=\"has-text-align-center has-small-font-size\">Adorei o conte\u00fado! F\u00e1cil de entender e cheio de dicas \u00fateis para o dia a dia.<\/p>\r\n<\/div>\r\n<\/div>\r\n<\/div>\r\n<\/div>\r\n\r\n\r\n\r\n<div class=\"inherit-container-width wp-block-group alignfull has-background-background-color has-background is-layout-constrained wp-container-core-group-is-layout-7276a2bb wp-block-group-is-layout-constrained\" style=\"margin-top: 0; margin-bottom: 0; padding: var(--wp--preset--spacing--60) var(--wp--preset--spacing--30) var(--wp--preset--spacing--60) var(--wp--preset--spacing--30);\">\r\n<div class=\"wp-block-group is-layout-constrained wp-block-group-is-layout-constrained\">\r\n<h2 class=\"wp-block-heading has-text-align-center has-large-font-size\">Ganhe Mais Tempo com Nossas Solu\u00e7\u00f5es Pr\u00e1ticas<\/h2>\r\n\r\n\r\n\r\n<p class=\"has-text-align-center\" style=\"margin-top: 16px;\">Descubra como nossos eBooks podem transformar seu dia a dia, com dicas simples e eficazes. Inscreva-se para come\u00e7ar agora!<\/p>\r\n\r\n\r\n\r\n<div class=\"wp-block-buttons is-content-justification-center is-layout-flex wp-container-core-buttons-is-layout-720bcce9 wp-block-buttons-is-layout-flex\">\r\n<div class=\"wp-block-button is-style-outline is-style-outline--1\"><a class=\"wp-block-button__link wp-element-button\" href=\"https:\/\/manualdodiaadia.com.br\/recursos\">Descubra Mais<\/a><\/div>\r\n\r\n\r\n\r\n<div class=\"wp-block-button\"><a class=\"wp-block-button__link wp-element-button\" href=\"https:\/\/manualdodiaadia.com.br\/sobre\">Veja Mais<\/a><\/div>\r\n<\/div>\r\n<\/div>\r\n<\/div>\r\n\r\n\r\n\r\n<div id=\"sobre\" class=\"inherit-container-width wp-block-group alignfull has-tertiary-background-color has-background is-layout-constrained wp-container-core-group-is-layout-fb85e995 wp-block-group-is-layout-constrained\" style=\"margin-top: 0; margin-bottom: 0; padding: var(--wp--preset--spacing--60) var(--wp--preset--spacing--30) var(--wp--preset--spacing--60) var(--wp--preset--spacing--30);\">\r\n<div class=\"wp-block-group is-layout-constrained wp-block-group-is-layout-constrained\">\r\n<h2 class=\"wp-block-heading has-text-align-center has-large-font-size\">Descubra Como Simplificar Seu Dia a Dia<\/h2>\r\n\r\n\r\n\r\n<p class=\"has-text-align-center\" style=\"margin-top: 16px;\">Nesta se\u00e7\u00e3o, exploramos a miss\u00e3o, os valores e a hist\u00f3ria do Manual do Dia a Dia, destacando nosso compromisso em oferecer solu\u00e7\u00f5es pr\u00e1ticas e acess\u00edveis para melhorar o cotidiano de nossos clientes.<\/p>\r\n<\/div>\r\n\r\n\r\n\r\n<div class=\"wp-block-group is-layout-constrained wp-container-core-group-is-layout-d2053b44 wp-block-group-is-layout-constrained\">\r\n<figure class=\"wp-block-image aligncenter size-large extendify-image-import wp-duotone-varpresetduotoneprimary-foreground-2\"><img decoding=\"async\" src=\"data:image\/svg+xml;base64,PHN2ZyB4bWxucz0iaHR0cDovL3d3dy53My5vcmcvMjAwMC9zdmciIHdpZHRoPSI1NTAiIGhlaWdodD0iMTg0IiBmaWxsPSJub25lIiB2aWV3Qm94PSIwIDAgNTUwIDE4NCI+PHBhdGggZmlsbD0iIzFFMUUxRSIgZD0iTTU0OC40OSAxMzMuNTY2YzEuODU1IDUuNTA0IDEuOTE5IDcuOTItMS42NTcgMTAuMDE4LTE3LjY5IDEwLjM3NS0zNS43MTcgMjAuMjk2LTUyLjYzIDMxLjgzNS0xMC41MDggNy4xNjktMTguMTU1IDYuMjMzLTI4LjMyNC0uNjU5LTE2LjkyNi0xMS40NzItMzUuMDgxLTIxLjEzMy01My44NzMtMzIuMjQtMjIuMjgyIDEzLjIxLTQ1LjEzMyAyNi43Ni02OC4zODkgNDAuNTQ3LTEyLjM4OC03LjIxMy0yNC4yMzgtMTMuOTc2LTM1Ljk0OC0yMC45NzYtOS4zODUtNS42MDgtMTguNjUzLTExLjQxOS0yNy44NTUtMTcuMzIzLTMuMzE1LTIuMTI3LTYuMTIzLTIuMTI5LTkuNDc3LS4wNGE0NDk1LjMzMyA0NDk1LjMzMyAwIDAgMS00OC45MDQgMzAuMDM0Yy00LjM5NSAyLjY1OC05LjA5NSA0LjgwOS0xNC4yNTUgNy41MDgtMjQuMjY3LTEwLjQ1Mi00NS4wODQtMjcuNjg0LTY5LjQyNy0zOS42MjItMTEuNjkzIDYuOTc5LTIzLjM3NyAxMy45NjEtMzUuMDcyIDIwLjkyOC05LjM5NiA1LjU5Ny0xOC44NjIgMTEuMDg1LTI4LjE4MyAxNi44MDYtMy43MyAyLjI4OC03LjA2NiAxLjg4MS0xMC41Ni0uMjU0LTE4Ljk1Ni0xMS41ODUtMzcuOTQ0LTIzLjEyMy01Ni44NzUtMzQuNzUyLTIuNTQ0LTEuNTYyLTQuODI0LTMuNTU4LTcuMDYxLTUuMjI4IDEuNTM1LTUuMjc1IDMuOTM4LTYuMDE1IDcuODQ1LTMuNjIyIDExLjY0OSA3LjE0MiAyMy4zODggMTQuMTM5IDM1LjA3NyAyMS4yMTkgOS4wMzggNS40NzUgMTguMDUyIDEwLjk5MiAyNy4xNzYgMTYuNTUxIDE3Ljk1My0xMS4xMTggMzQuOTczLTIyLjU5NSA1Mi44NzctMzIuNDY4IDE2LjQ5OS05LjA5OSAxMy4yNjEtMTAuNjEzIDMwLjMxNC4wMiAxNy4zOTkgMTAuODUgMzUuMTEgMjEuMjA4IDUzLjU2MiAzMi4zMDkgMjIuMzkyLTEzLjU4MSA0NS4xMDYtMjcuMzU1IDY4LjIwNi00MS4zNjdsNjguNTQzIDQxLjMwMyA2OC42NDItNDEuMzAzIDY3LjYwMiA0MS4wOTJjMjMuMTI0LTExLjgwOSA0NC40MzQtMjcuODczIDY4LjY0Ni00MC4zMTZabS02OC4xMTUtMTcuMTE2Yy01LjQ3My0zLjA5Mi0xMS40NTctNi4yODgtMTcuMjU1LTkuNzg5LTE0LjkxNS05LjAwOS0yOS43MzQtMTguMTczLTQ0LjYxNi0yNy4yMzYtNC4zNzUtMi42NjUtOC4xMzMtMy4wOTItMTMuMTY4LjEyNi0xNy41NiAxMS4yMjMtMzUuNjA4IDIxLjY4MS01My41MTQgMzIuMzYtMi42MzIgMS41NjgtNS40OTIgMi43NTMtOC42NDIgNC4zMTItMTAuMjcxLTUuOTA2LTIwLjY4Ny0xMS43NDgtMzAuOTU3LTE3LjgzOC0xMC44NzItNi40NDktMjEuNjc5LTEzLjAxNi0zMi4zNjMtMTkuNzcyLTMuODA4LTIuNDA4LTYuNjMzLTEuNzE2LTEwLjMwNi41MjEtMTkuNTU4IDExLjkwMS0zOS4zMSAyMy40ODgtNTkuMDA0IDM1LjE2MS0xLjE1OS42ODYtMi40MzIgMS4xNzctNC4xMzYgMS45OS0xMS43Mi02Ljc4NC0yMy41NjktMTMuNTYyLTM1LjMzNS0yMC40ODItOC44MjktNS4xOTUtMTcuNjU1LTEwLjQxMi0yNi4yODQtMTUuOTI5LTQuOTI2LTMuMTUtOS4xNi0zLjEtMTQuMTcyLjAzNy0xOC4yNDEgMTEuNDI0LTM2LjY3IDIyLjU0Ny01NS4wNzggMzMuNzAxLTEuOTk1IDEuMjEtNC4zMTggMS44OC02LjU2OSAyLjgzNkM0Ny45NCAxMDMuODYgMjcuMTMgOTEuNDQxIDYuMzc0IDc4LjkyOGMtMi4wMTQtMS4yMTUtNC4xMTItMi43NDUtNS4zMy00LjY2Mi0uODE3LTEuMjg4LS4xNTYtMy41MTctLjE1Ni03LjAxNSAyNS4yNjggMTEuNzExIDQ1Ljc4NiAyOC41MzQgNjkuNDUxIDQwLjQ5Mmw2OC4xNzQtNDEuNDI0IDY4LjUzNSA0MS42ODUgNjguMTM4LTQxLjgxMSA2OC40MDEgNDEuODA5IDY4LjQ1Mi00MS43OCA2Ny43OTUgNDEuNTM5YzIyLjkxLTEyIDQ0LjYwNS0yNy4zNjYgNjguMDQ2LTQwLjM1IDEuODgxIDYuODg4IDEuNDQyIDguMTc0LTMuMjE5IDExLjEzOC01LjQ3NyAzLjQ4My0xMC45MyA3LjAwOC0xNi41MyAxMC4yNzktMTUuNjI0IDkuMTI0LTMxLjMxNyAxOC4xMjUtNDcuNzU2IDI3LjYyMlpNMjA2LjgzOCA0MS41MTEgMjc1LjEwNy4wMDZjMjIuNzU3IDEzLjg2OSA0NS40NTggMjcuNzA0IDY4LjQ1MyA0MS43Mkw0MTEuODQyIDBsNjguNDQ5IDQxLjQxM2MxMS41ODktNi44NzMgMjIuOTA0LTEzLjgyIDM0LjQ0NS0yMC4zNiAxMS4xMjMtNi4zMDUgMjAuOTY3LTE1LjAyNSAzMy41NzctMTkuMjE1IDMuMzQxIDYuMTk5LS42NzggOC41NDctMy45MzggMTAuNjU0LTYuMDIxIDMuODkyLTEyLjM0MiA3LjMyLTE4LjUyNyAxMC45NTYtMTMuMjY2IDcuODAzLTI2LjUxNiAxNS42MzUtMzkuODAxIDIzLjQwNC0yLjA0MyAxLjE5Ni00LjIzNCAyLjEzOS02LjE3NiAzLjEwNy0yMC45My0xMi40OTktNDEuNDU4LTI0Ljc2OC02MS45OTctMzcuMDE2LTQuMTMyLTIuNDYzLTcuNjQ5LTIuNTkxLTEyLjI4Mi4yNjctMjAuMzYyIDEyLjU2Ni00MS4xMDYgMjQuNTE3LTYyLjE3NSAzNi45NjMtMjAuMTMzLTEyLjExNy00MC4zMzQtMjQuMjItNjAuNDY1LTM2LjQzMS01LjE0MS0zLjExOC05LjE5OS0zLjQzOC0xNC45NDYuMjE3LTE4Ljc0MSAxMS45MjMtMzguMTI5IDIyLjgzNC01Ny4yODMgMzQuMTA5LTEuMTY0LjY4NS0yLjQ1NiAxLjE1My0zLjk2OSAxLjg1LTEwLjMwMi01Ljg4NS0yMC43NDItMTEuNjkyLTMxLjAyMi0xNy43NjgtMTAuODg0LTYuNDM0LTIxLjcyNy0xMi45NS0zMi4zNTctMTkuNzkyLTQuMzU0LTIuODAzLTcuODk5LTEuMjg4LTExLjQ4Mi43OTEtNi4yMDYgMy42MDQtMTIuMjA0IDcuNTYyLTE4LjM3NCAxMS4yMy0xNC4xMTUgOC4zODgtMjguMjggMTYuNjg4LTQzLjEyMSAyNS40MzYtMi43NDktMS4zMjItNi4yNC0yLjY5Ni05LjQzLTQuNTgxQzQzLjAxNCAzNC42MDUgMjUuMDk5IDIzLjkxIDcuMjYgMTMuMDg3IDQuNzEgMTEuNTQgMi40NzggOS4zMzQuNDc5IDcuMDk0Yy0uNTE3LS41ODEuMTI2LTIuNjA4Ljc2LTMuNjUzLjM3Ni0uNjIzIDEuOTYtMS4xMDcgMi42NzktLjgyNiAzLjE3OCAxLjI0MyA2LjQyMSAyLjQ4OSA5LjMxMiA0LjI2NyAxNS40MzkgOS40ODkgMzAuNzY1IDE5LjE2NSA0Ni4xNjQgMjguNzE2IDMuMTk3IDEuOTgzIDYuNTQ3IDMuNzE5IDEwLjI3NiA1LjgyNCAxMC4yMjItNi4xMDkgMjAuNTA4LTEyLjE5OCAzMC43MzYtMTguMzgzIDEwLjUyOS02LjM2NyAyMS4xMDktMTIuNjU4IDMxLjQ1Mi0xOS4zMTcgNC45OTktMy4yMTggOC45MjYtMi42OTEgMTMuODg1LjQ2OCAxOS4wMjMgMTIuMTIyIDM4LjM0OSAyMy43NyA1Ny41NzYgMzUuNTcgMS4xMzguNjk5IDIuMzk3IDEuMTk4IDMuNTE5IDEuNzUxWiIvPjwvc3ZnPg==\" alt=\"\" title=\"\"><\/figure>\r\n<\/div>\r\n<\/div>\r\n","protected":false},"excerpt":{"rendered":"<p>Depoimentos eBooks Pr\u00e1ticos Para Facilitar Seu Dia Aqui voc\u00ea confere depoimentos de quem transformou seu dia a dia com nossos eBooks. Mariana Silva Empreendedora Os eBooks s\u00e3o incr\u00edveis! Me ajudaram a organizar minha rotina e economizar tempo. Rafael Costa Designer Gra\u00e7as \u00e0s dicas pr\u00e1ticas, consegui otimizar meu trabalho e melhorar minha produtividade. Ana Oliveira Estudante Adorei o conte\u00fado! F\u00e1cil de entender e cheio de dicas \u00fateis para o dia a dia. Ganhe Mais Tempo com Nossas Solu\u00e7\u00f5es Pr\u00e1ticas Descubra como [&hellip;]<\/p>\n","protected":false},"author":2,"featured_media":0,"parent":0,"menu_order":0,"comment_status":"closed","ping_status":"open","template":"","meta":{"site-sidebar-layout":"default","site-content-layout":"","ast-site-content-layout":"default","site-content-style":"default","site-sidebar-style":"default","ast-global-header-display":"","ast-banner-title-visibility":"","ast-main-header-display":"","ast-hfb-above-header-display":"","ast-hfb-below-header-display":"","ast-hfb-mobile-header-display":"","site-post-title":"","ast-breadcrumbs-content":"","ast-featured-img":"","footer-sml-layout":"","ast-disable-related-posts":"","theme-transparent-header-meta":"default","adv-header-id-meta":"","stick-header-meta":"default","header-above-stick-meta":"","header-main-stick-meta":"","header-below-stick-meta":"","astra-migrate-meta-layouts":"set","ast-page-background-enabled":"default","ast-page-background-meta":{"desktop":{"background-color":"var(--ast-global-color-5)","background-image":"","background-repeat":"repeat","background-position":"center center","background-size":"auto","background-attachment":"scroll","background-type":"","background-media":"","overlay-type":"","overlay-color":"","overlay-opacity":"","overlay-gradient":""},"tablet":{"background-color":"","background-image":"","background-repeat":"repeat","background-position":"center center","background-size":"auto","background-attachment":"scroll","background-type":"","background-media":"","overlay-type":"","overlay-color":"","overlay-opacity":"","overlay-gradient":""},"mobile":{"background-color":"","background-image":"","background-repeat":"repeat","background-position":"center center","background-size":"auto","background-attachment":"scroll","background-type":"","background-media":"","overlay-type":"","overlay-color":"","overlay-opacity":"","overlay-gradient":""}},"ast-content-background-meta":{"desktop":{"background-color":"var(--ast-global-color-4)","background-image":"","background-repeat":"repeat","background-position":"center center","background-size":"auto","background-attachment":"scroll","background-type":"","background-media":"","overlay-type":"","overlay-color":"","overlay-opacity":"","overlay-gradient":""},"tablet":{"background-color":"var(--ast-global-color-4)","background-image":"","background-repeat":"repeat","background-position":"center center","background-size":"auto","background-attachment":"scroll","background-type":"","background-media":"","overlay-type":"","overlay-color":"","overlay-opacity":"","overlay-gradient":""},"mobile":{"background-color":"var(--ast-global-color-4)","background-image":"","background-repeat":"repeat","background-position":"center center","background-size":"auto","background-attachment":"scroll","background-type":"","background-media":"","overlay-type":"","overlay-color":"","overlay-opacity":"","overlay-gradient":""}},"footnotes":""},"class_list":["post-46","page","type-page","status-publish","hentry"],"_links":{"self":[{"href":"https:\/\/www.manualdodiaadia.com.br\/blog\/wp-json\/wp\/v2\/pages\/46","targetHints":{"allow":["GET"]}}],"collection":[{"href":"https:\/\/www.manualdodiaadia.com.br\/blog\/wp-json\/wp\/v2\/pages"}],"about":[{"href":"https:\/\/www.manualdodiaadia.com.br\/blog\/wp-json\/wp\/v2\/types\/page"}],"author":[{"embeddable":true,"href":"https:\/\/www.manualdodiaadia.com.br\/blog\/wp-json\/wp\/v2\/users\/2"}],"replies":[{"embeddable":true,"href":"https:\/\/www.manualdodiaadia.com.br\/blog\/wp-json\/wp\/v2\/comments?post=46"}],"version-history":[{"count":0,"href":"https:\/\/www.manualdodiaadia.com.br\/blog\/wp-json\/wp\/v2\/pages\/46\/revisions"}],"wp:attachment":[{"href":"https:\/\/www.manualdodiaadia.com.br\/blog\/wp-json\/wp\/v2\/media?parent=46"}],"curies":[{"name":"wp","href":"https:\/\/api.w.org\/{rel}","templated":true}]}}